{"id":82,"date":"2023-02-03T20:55:10","date_gmt":"2021-02-03T17:55:10","guid":{"rendered":"https:\/\/safirdemo.com\/atolye\/hakkimizda\/"},"modified":"2025-10-24T23:04:28","modified_gmt":"2025-10-24T20:04:28","slug":"uber-uns","status":"publish","type":"page","link":"https:\/\/etalazer.com\/de\/uber-uns\/","title":{"rendered":"\u00dcber Uns"},"content":{"rendered":"\n<h2 class=\"wp-block-heading\">\u00dcber ETA Lazer<\/h2>\n\n\n\n<p>ETA LAZER Blechbearbeitungszentrum wurde im Jahr 2021 auf Grundlage von mehr als 40 Jahren Erfahrung und Know-how in der Metallbranche gegr\u00fcndet. Seit seiner Gr\u00fcndung arbeitet unser Unternehmen nach den Prinzipien h\u00f6chster Qualit\u00e4t, technologieorientierter Produktion und Kundenzufriedenheit.<\/p>\n\n\n\n<p>Unser Unternehmen bietet projektbasierte und Lohnfertigungsleistungen in folgenden Bereichen an:<\/p>\n\n\n\n<div class=\"\" data-col=\"2\"><ul class=\"wp-block-list\">\n<li>Faserlaserschneiden<\/li>\n\n\n\n<li>CNC-Abkantbiegen<\/li>\n\n\n\n<li>Schwei\u00dfteilfertigung<\/li>\n\n\n\n<li>Elektrostatische Pulverbeschichtung<\/li>\n\n\n\n<li>Montageleistungen<\/li>\n\n\n\n<li>Technische Zeichnung und Konstruktionsunterst\u00fctzung<\/li>\n<\/ul><\/div>\n\n\n\n<h3 class=\"wp-block-heading\">Unsere St\u00e4rke: Wissen, Erfahrung und Technologie<\/h3>\n\n\n\n<p>ETA LAZER verbindet Fachwissen, Know-how und Branchenerfahrung mit einem konsequent kundenorientierten Produktionsansatz und hat es sich zur Aufgabe gemacht, individuelle L\u00f6sungen f\u00fcr jedes Projekt zu entwickeln. Durch die Anpassung an die sich schnell entwickelnden technologischen Bedingungen unserer Zeit streben wir danach, unseren Kunden die richtigen Informationen, die passenden L\u00f6sungen und qualitativ hochwertige Dienstleistungen vollst\u00e4ndig und termingerecht zu bieten.<\/p>\n\n\n\n<p>In diesem Sinne stellen wir mit unserer starken technologischen Infrastruktur, unserem CNC-gesteuerten Maschinenpark und unserem erfahrenen Fachpersonal in jeder Phase der Produktion Qualit\u00e4t in den Vordergrund.<\/p>\n\n\n\n<h3 class=\"wp-block-heading\">Verarbeitete Materialien<\/h3>\n\n\n\n<p>Unser Unternehmen bearbeitet verschiedene Metalle wie DKP-Blech, ST37, Aluminium, Edelstahl und verzinkte Materialien und fertigt kundenspezifische Produkte und Halbzeuge f\u00fcr unterschiedliche Branchen. Alle Prozesse werden sorgf\u00e4ltig auf Grundlage von Ingenieursleistungen, technischen Zeichnungen und pr\u00e4zisen Produktionskriterien durchgef\u00fchrt.<\/p>\n\n\n\n<p>Dar\u00fcber hinaus \u00fcbernimmt ETA LAZER auch die Gestaltung und Herstellung von Beleuchtungsarmaturen im eigenen Haus und bringt der Branche einzigartige und funktionale Produkte.<\/p>\n\n\n\n<p>ETA LAZER ist nicht nur ein Hersteller, sondern ein zuverl\u00e4ssiger Partner, mit dem Sie in jeder Phase Ihrer Projekte zusammenarbeiten k\u00f6nnen.<\/p>\n\n\n\n<hr class=\"wp-block-separator has-alpha-channel-opacity\" \/>\n\n\n\n<h3 class=\"wp-block-heading\">Unsere Mission<\/h3>\n\n\n\n<p>Als ETA LAZER bieten wir Unternehmen in verschiedenen Industriezweigen hochpr\u00e4zise und qualitativ hochwertige Lohnfertigungsleistungen in den Bereichen Laserschneiden, Abkantbiegen, Schwei\u00dfteilfertigung und Pulverbeschichtung. Durch den Einsatz moderner Produktionstechnologien entwickeln wir kundenspezifische L\u00f6sungen und legen besonderen Wert auf termingerechte Lieferung, nachhaltige Produktion und Kosteneffizienz. Mit konsequenter Qualit\u00e4tskontrolle und Arbeitssicherheit in allen Produktionsprozessen ist es unser Ziel, die Kundenzufriedenheit dauerhaft zu sichern. Mit unserem technischen Know-how, unserem erfahrenen Team und unserem Verst\u00e4ndnis f\u00fcr kontinuierliche Weiterentwicklung stehen wir Ihnen als zuverl\u00e4ssiger Partner in jeder Phase Ihrer Produktion zur Seite.<\/p>\n\n\n\n<hr class=\"wp-block-separator has-alpha-channel-opacity\" \/>\n\n\n\n<h3 class=\"wp-block-heading\">Unsere Vision<\/h3>\n\n\n\n<p>Unser Ziel ist es, im Bereich Blechbearbeitungstechnologien sowohl national als auch international als Referenzmarke anerkannt zu werden. Mit unserem innovativen Ansatz, unserer investitionsorientierten Wachstumsstrategie und unserer auf digitale Transformation ausgerichteten Infrastruktur wollen wir Projekte realisieren, die in der Branche Ma\u00dfst\u00e4be setzen. Unser gr\u00f6\u00dftes Anliegen ist es, unseren Kunden nicht nur Dienstleistungen, sondern Qualit\u00e4t, Vertrauen, Kontinuit\u00e4t und Partnerschaft zu bieten. Mit unseren zukunftsorientierten Investitionen wollen wir nachhaltige Produktionsmodelle entwickeln, die sowohl der Industrie als auch der Umwelt zugutekommen.<\/p>\n\n\n<div class=\"singleHeading\">\n\t<div class=\"inner\">\n\t\t<span class=\"safiricon icon\"><svg class=\"safiricon-paylas\"><use href=\"#safiricon-paylas\"><\/use><\/svg><\/span>\t\t<div class=\"text\">Sosyal Medya Hesaplar\u0131m\u0131z<\/div>\n\t<\/div>\n<\/div>\n\n\t\t<ul class=\"safirSocial\">\n\t\t\t<li class=\"facebook\"><a rel=\"external\" href=\"https:\/\/www.facebook.com\/profile.php?id=61576850011757\" title=\"Sitemizi Facebook \u00fczerinden takip edin\"><span class=\"themeicon icon\"><svg class=\"themeicon-facebook\"><use href=\"#themeicon-facebook\"><\/use><\/svg><\/span><\/a><\/li><li class=\"instagram\"><a rel=\"external\" href=\"#\" title=\"Sitemizi Instagram \u00fczerinden takip edin\"><span class=\"themeicon icon\"><svg class=\"themeicon-instagram\"><use href=\"#themeicon-instagram\"><\/use><\/svg><\/span><\/a><\/li><li class=\"youtube\"><a rel=\"external\" href=\"#\" title=\"Sitemizi Youtube \u00fczerinden takip edin\"><span class=\"themeicon icon\"><svg class=\"themeicon-youtube\"><use href=\"#themeicon-youtube\"><\/use><\/svg><\/span><\/a><\/li><li class=\"whatsapp\"><a rel=\"external\" href=\"#\" title=\"Sitemizi Whatsapp \u00fczerinden takip edin\"><span class=\"themeicon icon\"><svg class=\"themeicon-whatsapp\"><use href=\"#themeicon-whatsapp\"><\/use><\/svg><\/span><\/a><\/li>\t\t<\/ul>\n\t\t\n","protected":false},"excerpt":{"rendered":"<p>\u00dcber ETA Lazer ETA LAZER Blechbearbeitungszentrum wurde im Jahr 2021 auf Grundlage von mehr als 40 Jahren Erfahrung und Know-how in der Metallbranche gegr\u00fcndet. Seit seiner Gr\u00fcndung arbeitet unser Unternehmen nach den Prinzipien h\u00f6chster Qualit\u00e4t, technologieorientierter Produktion und Kundenzufriedenheit. Unser Unternehmen bietet projektbasierte und Lohnfertigungsleistungen in folgenden Bereichen an: Unsere St\u00e4rke: Wissen, Erfahrung und Technologie [&hellip;]<\/p>\n","protected":false},"author":1,"featured_media":0,"parent":0,"menu_order":0,"comment_status":"closed","ping_status":"closed","template":"","meta":{"footnotes":""},"class_list":["post-82","page","type-page","status-publish","hentry"],"yoast_head":"<!-- This site is optimized with the Yoast SEO plugin v27.1.1 - https:\/\/yoast.com\/product\/yoast-seo-wordpress\/ -->\n<title>\u00dcber ETA Lazer<\/title>\n<meta name=\"description\" content=\"\u00dcber ETA Lazer\" \/>\n<meta name=\"robots\" content=\"index, follow, max-snippet:-1, max-image-preview:large, max-video-preview:-1\" \/>\n<link rel=\"canonical\" href=\"https:\/\/etalazer.com\/de\/uber-uns\/\" \/>\n<meta property=\"og:locale\" content=\"tr_TR\" \/>\n<meta property=\"og:type\" content=\"article\" \/>\n<meta property=\"og:title\" content=\"\u00dcber ETA Lazer\" \/>\n<meta property=\"og:description\" content=\"\u00dcber ETA Lazer\" \/>\n<meta property=\"og:url\" content=\"https:\/\/etalazer.com\/de\/uber-uns\/\" \/>\n<meta property=\"og:site_name\" content=\"ETA LASER\" \/>\n<meta property=\"article:modified_time\" content=\"2025-10-24T20:04:28+00:00\" \/>\n<meta name=\"twitter:card\" content=\"summary_large_image\" \/>\n<meta name=\"twitter:label1\" content=\"Tahmini okuma s\u00fcresi\" \/>\n\t<meta name=\"twitter:data1\" content=\"3 dakika\" \/>\n<script type=\"application\/ld+json\" class=\"yoast-schema-graph\">{\"@context\":\"https:\/\/schema.org\",\"@graph\":[{\"@type\":\"WebPage\",\"@id\":\"https:\/\/etalazer.com\/de\/uber-uns\/\",\"url\":\"https:\/\/etalazer.com\/de\/uber-uns\/\",\"name\":\"\u00dcber ETA Lazer\",\"isPartOf\":{\"@id\":\"https:\/\/etalazer.com\/de\/#website\"},\"datePublished\":\"2021-02-03T17:55:10+00:00\",\"dateModified\":\"2025-10-24T20:04:28+00:00\",\"description\":\"\u00dcber ETA Lazer\",\"breadcrumb\":{\"@id\":\"https:\/\/etalazer.com\/de\/uber-uns\/#breadcrumb\"},\"inLanguage\":\"tr\",\"potentialAction\":[{\"@type\":\"ReadAction\",\"target\":[\"https:\/\/etalazer.com\/de\/uber-uns\/\"]}]},{\"@type\":\"BreadcrumbList\",\"@id\":\"https:\/\/etalazer.com\/de\/uber-uns\/#breadcrumb\",\"itemListElement\":[{\"@type\":\"ListItem\",\"position\":1,\"name\":\"Anasayfa\",\"item\":\"https:\/\/etalazer.com\/de\/\"},{\"@type\":\"ListItem\",\"position\":2,\"name\":\"\u00dcber Uns\"}]},{\"@type\":\"WebSite\",\"@id\":\"https:\/\/etalazer.com\/de\/#website\",\"url\":\"https:\/\/etalazer.com\/de\/\",\"name\":\"ETA LASER\",\"description\":\"\",\"potentialAction\":[{\"@type\":\"SearchAction\",\"target\":{\"@type\":\"EntryPoint\",\"urlTemplate\":\"https:\/\/etalazer.com\/de\/?s={search_term_string}\"},\"query-input\":{\"@type\":\"PropertyValueSpecification\",\"valueRequired\":true,\"valueName\":\"search_term_string\"}}],\"inLanguage\":\"tr\"}]}<\/script>\n<!-- \/ Yoast SEO plugin. -->","yoast_head_json":{"title":"\u00dcber ETA Lazer","description":"\u00dcber ETA Lazer","robots":{"index":"index","follow":"follow","max-snippet":"max-snippet:-1","max-image-preview":"max-image-preview:large","max-video-preview":"max-video-preview:-1"},"canonical":"https:\/\/etalazer.com\/de\/uber-uns\/","og_locale":"tr_TR","og_type":"article","og_title":"\u00dcber ETA Lazer","og_description":"\u00dcber ETA Lazer","og_url":"https:\/\/etalazer.com\/de\/uber-uns\/","og_site_name":"ETA LASER","article_modified_time":"2025-10-24T20:04:28+00:00","twitter_card":"summary_large_image","twitter_misc":{"Tahmini okuma s\u00fcresi":"3 dakika"},"schema":{"@context":"https:\/\/schema.org","@graph":[{"@type":"WebPage","@id":"https:\/\/etalazer.com\/de\/uber-uns\/","url":"https:\/\/etalazer.com\/de\/uber-uns\/","name":"\u00dcber ETA Lazer","isPartOf":{"@id":"https:\/\/etalazer.com\/de\/#website"},"datePublished":"2021-02-03T17:55:10+00:00","dateModified":"2025-10-24T20:04:28+00:00","description":"\u00dcber ETA Lazer","breadcrumb":{"@id":"https:\/\/etalazer.com\/de\/uber-uns\/#breadcrumb"},"inLanguage":"tr","potentialAction":[{"@type":"ReadAction","target":["https:\/\/etalazer.com\/de\/uber-uns\/"]}]},{"@type":"BreadcrumbList","@id":"https:\/\/etalazer.com\/de\/uber-uns\/#breadcrumb","itemListElement":[{"@type":"ListItem","position":1,"name":"Anasayfa","item":"https:\/\/etalazer.com\/de\/"},{"@type":"ListItem","position":2,"name":"\u00dcber Uns"}]},{"@type":"WebSite","@id":"https:\/\/etalazer.com\/de\/#website","url":"https:\/\/etalazer.com\/de\/","name":"ETA LASER","description":"","potentialAction":[{"@type":"SearchAction","target":{"@type":"EntryPoint","urlTemplate":"https:\/\/etalazer.com\/de\/?s={search_term_string}"},"query-input":{"@type":"PropertyValueSpecification","valueRequired":true,"valueName":"search_term_string"}}],"inLanguage":"tr"}]}},"_links":{"self":[{"href":"https:\/\/etalazer.com\/de\/wp-json\/wp\/v2\/pages\/82","targetHints":{"allow":["GET"]}}],"collection":[{"href":"https:\/\/etalazer.com\/de\/wp-json\/wp\/v2\/pages"}],"about":[{"href":"https:\/\/etalazer.com\/de\/wp-json\/wp\/v2\/types\/page"}],"author":[{"embeddable":true,"href":"https:\/\/etalazer.com\/de\/wp-json\/wp\/v2\/users\/1"}],"replies":[{"embeddable":true,"href":"https:\/\/etalazer.com\/de\/wp-json\/wp\/v2\/comments?post=82"}],"version-history":[{"count":13,"href":"https:\/\/etalazer.com\/de\/wp-json\/wp\/v2\/pages\/82\/revisions"}],"predecessor-version":[{"id":628,"href":"https:\/\/etalazer.com\/de\/wp-json\/wp\/v2\/pages\/82\/revisions\/628"}],"wp:attachment":[{"href":"https:\/\/etalazer.com\/de\/wp-json\/wp\/v2\/media?parent=82"}],"curies":[{"name":"wp","href":"https:\/\/api.w.org\/{rel}","templated":true}]}}